{"id":521,"date":"2023-03-15T15:26:41","date_gmt":"2023-03-15T14:26:41","guid":{"rendered":"https:\/\/safejob.no\/?page_id=521"},"modified":"2023-03-17T14:42:30","modified_gmt":"2023-03-17T13:42:30","slug":"kunder","status":"publish","type":"page","link":"https:\/\/safejob.no\/en\/kunder\/","title":{"rendered":"Hjem &#8211; kunder"},"content":{"rendered":"<h2>Arbeidskraft n\u00e5r du trenger det<\/h2>\n<p>Safejob is a staffing and recruitment company with our employees in focus. With Safejob as your employer and partner, you can be sure that you have linked up with a responsible supplier who focuses on people and is concerned with fair and ethical operation in all parts of the work processes.<\/p>\n<p>Vi har har til enhver tid over 100 ledige stillinger og nye muligheter \u00e5 tilby. Bli du den neste vi formidler nytt og spennende arbeid til?<\/p>\n<p><a role=\"button\" href=\"https:\/\/safejob.recman.no\/\"><br \/>\nSee all our vacant positions<br \/>\n<\/a><\/p>\n<h2>About us<\/h2>\n<p>Safejob was founded in 2015, and since then we have specialized in professionals and career opportunities within electrical, industry, ISO, construction\/installation, and aquaculture. In recent years, Safejob has supplied many professionals to onshore and offshore projects in particular - throughout Norway and has become a key supplier of HR and staffing services in the market.<\/p>\n<p><a role=\"button\" href=\"https:\/\/safejob.no\/en\/om-oss\/\"><br \/>\nRead more about us<br \/>\n<\/a><\/p>\n<h2>About us<\/h2>\n<p>Safejob was founded in 2015, and since then we have specialized in professionals and career opportunities within electrical, industry, ISO, construction\/installation, and aquaculture. In recent years, Safejob has supplied many professionals to onshore and offshore projects in particular - throughout Norway and has become a key supplier of HR and staffing services in the market.<\/p>\n<p><a role=\"button\" href=\"https:\/\/safejob.no\/en\/om-oss\/\"><br \/>\nRead more about us<br \/>\n<\/a><\/p>\n<h2>Job areas<\/h2>\n<p>Safejob Energy supplies professional personnel for both on- and offshore projects. We provide operators all over Norway.<\/p>\n<p><a role=\"button\" href=\"https:\/\/safejob.recman.no\/\"><br \/>\nRead about all our job areas<br \/>\n<\/a><\/p>\n<h2>Get in touch<\/h2>\n<ul>\n<li><a href=\"https:\/\/goo.gl\/maps\/XDvyt672VMePhPA37\" target=\"_blank\" rel=\"noreferrer noopener\"><br \/>\nTorgallmenningen 2, 5014 Bergen<br \/>\n<\/a><\/li>\n<li>+47 451 58 410<\/li>\n<li><a href=\"mailto:post@safejob.no\"><br \/>\npost@safejob.no<br \/>\n<\/a><\/li>\n<li>Monday &#8211; Friday 07:30 &#8211; 16:00<\/li>\n<\/ul>\n<h2>Find us here<\/h2>\n<ul>\n<li><\/li>\n<li><\/li>\n<li><\/li>\n<\/ul>","protected":false},"excerpt":{"rendered":"<p>Arbeidskraft n\u00e5r du trenger det Safejob er et bemannings- og rekrutteringsselskap, med v\u00e5re ansatte i fokus. Med Safejob som din arbeidsgiver og samarbeidspartner, kan du v\u00e6re sikker p\u00e5 at du har knyttet deg opp til en ansvarlig leverand\u00f8r som fokuserer p\u00e5 mennesket, og som er opptatte av rettferdig og etisk drift i alle deler av &hellip;<\/p>\n<p class=\"read-more\"> <a class=\"\" href=\"https:\/\/safejob.no\/en\/kunder\/\"> <span class=\"screen-reader-text\">Hjem &#8211; kunder<\/span> Read More &raquo;<\/a><\/p>","protected":false},"author":16,"featured_media":0,"parent":0,"menu_order":0,"comment_status":"closed","ping_status":"closed","template":"","meta":{"site-sidebar-layout":"no-sidebar","site-content-layout":"page-builder","ast-site-content-layout":"","site-content-style":"default","site-sidebar-style":"default","ast-global-header-display":"","ast-banner-title-visibility":"","ast-main-header-display":"","ast-hfb-above-header-display":"","ast-hfb-below-header-display":"","ast-hfb-mobile-header-display":"","site-post-title":"disabled","ast-breadcrumbs-content":"","ast-featured-img":"disabled","footer-sml-layout":"","theme-transparent-header-meta":"default","adv-header-id-meta":"","stick-header-meta":"","header-above-stick-meta":"","header-main-stick-meta":"","header-below-stick-meta":"","astra-migrate-meta-layouts":"","footnotes":""},"_links":{"self":[{"href":"https:\/\/safejob.no\/en\/wp-json\/wp\/v2\/pages\/521"}],"collection":[{"href":"https:\/\/safejob.no\/en\/wp-json\/wp\/v2\/pages"}],"about":[{"href":"https:\/\/safejob.no\/en\/wp-json\/wp\/v2\/types\/page"}],"author":[{"embeddable":true,"href":"https:\/\/safejob.no\/en\/wp-json\/wp\/v2\/users\/16"}],"replies":[{"embeddable":true,"href":"https:\/\/safejob.no\/en\/wp-json\/wp\/v2\/comments?post=521"}],"version-history":[{"count":0,"href":"https:\/\/safejob.no\/en\/wp-json\/wp\/v2\/pages\/521\/revisions"}],"wp:attachment":[{"href":"https:\/\/safejob.no\/en\/wp-json\/wp\/v2\/media?parent=521"}],"curies":[{"name":"wp","href":"https:\/\/api.w.org\/{rel}","templated":true}]}}