{"id":597,"date":"2023-04-04T13:30:39","date_gmt":"2023-04-04T11:30:39","guid":{"rendered":"https:\/\/safejob.no\/?page_id=597"},"modified":"2023-08-09T10:04:43","modified_gmt":"2023-08-09T08:04:43","slug":"sikkerhet","status":"publish","type":"page","link":"https:\/\/safejob.no\/en\/sikkerhet\/","title":{"rendered":"sikkerhet"},"content":{"rendered":"<div data-elementor-type=\"wp-page\" data-elementor-id=\"597\" class=\"elementor elementor-597\">\n\t\t\t\t\t\t\t\t\t<section class=\"elementor-section elementor-top-section elementor-element elementor-element-0734cf3 elementor-section-full_width elementor-section-height-default elementor-section-height-default\" data-id=\"0734cf3\" data-element_type=\"section\">\n\t\t\t\t\t\t<div class=\"elementor-container elementor-column-gap-default\">\n\t\t\t\t\t<div class=\"elementor-column elementor-col-50 elementor-top-column elementor-element elementor-element-59f37b9\" data-id=\"59f37b9\" data-element_type=\"column\" data-settings=\"{&quot;background_background&quot;:&quot;classic&quot;}\">\n\t\t\t<div class=\"elementor-widget-wrap elementor-element-populated\">\n\t\t\t\t\t\t\t\t<div class=\"elementor-element elementor-element-8fc581a elementor-widget elementor-widget-heading\" data-id=\"8fc581a\" data-element_type=\"widget\" data-widget_type=\"heading.default\">\n\t\t\t\t<div class=\"elementor-widget-container\">\n\t\t\t<h2 class=\"elementor-heading-title elementor-size-default\">Safety means everything to us   <\/h2>\t\t<\/div>\n\t\t\t\t<\/div>\n\t\t\t\t<div class=\"elementor-element elementor-element-9ef78e9 elementor-hidden-tablet elementor-hidden-mobile elementor-widget elementor-widget-spacer\" data-id=\"9ef78e9\" data-element_type=\"widget\" data-widget_type=\"spacer.default\">\n\t\t\t\t<div class=\"elementor-widget-container\">\n\t\t\t\t\t<div class=\"elementor-spacer\">\n\t\t\t<div class=\"elementor-spacer-inner\"><\/div>\n\t\t<\/div>\n\t\t\t\t<\/div>\n\t\t\t\t<\/div>\n\t\t\t\t<div class=\"elementor-element elementor-element-6ddad0f elementor-widget elementor-widget-text-editor\" data-id=\"6ddad0f\" data-element_type=\"widget\" data-widget_type=\"text-editor.default\">\n\t\t\t\t<div class=\"elementor-widget-container\">\n\t\t\t\t\t\t\t<p>Safejob Energy works to be a safe and predictable partner for both customers and employees. Therefore, we work strategically and continuously with our routines to be a leadership in HSE within staffing and hiring.<\/p>\n<p>Right from the start, our employees will be trained according to the requirements and standards the customer has set, in addition to having undergone internal training. We can also document that our employees have reviewed the current safety instructions for Safejob Energy. These are always available to them on our HSE platform, including the safety instructions and\/or courses that the customer wants or requires.<\/p>\t\t\t\t\t\t<\/div>\n\t\t\t\t<\/div>\n\t\t\t\t<div class=\"elementor-element elementor-element-a246900 elementor-hidden-tablet elementor-hidden-mobile elementor-widget elementor-widget-spacer\" data-id=\"a246900\" data-element_type=\"widget\" data-widget_type=\"spacer.default\">\n\t\t\t\t<div class=\"elementor-widget-container\">\n\t\t\t\t\t<div class=\"elementor-spacer\">\n\t\t\t<div class=\"elementor-spacer-inner\"><\/div>\n\t\t<\/div>\n\t\t\t\t<\/div>\n\t\t\t\t<\/div>\n\t\t\t\t\t<\/div>\n\t\t<\/div>\n\t\t\t\t<div class=\"elementor-column elementor-col-50 elementor-top-column elementor-element elementor-element-df4b86f\" data-id=\"df4b86f\" data-element_type=\"column\" data-settings=\"{&quot;background_background&quot;:&quot;classic&quot;}\">\n\t\t\t<div class=\"elementor-widget-wrap elementor-element-populated\">\n\t\t\t\t\t\t\t\t<div class=\"elementor-element elementor-element-9aa8f68 elementor-widget elementor-widget-spacer\" data-id=\"9aa8f68\" data-element_type=\"widget\" data-widget_type=\"spacer.default\">\n\t\t\t\t<div class=\"elementor-widget-container\">\n\t\t\t\t\t<div class=\"elementor-spacer\">\n\t\t\t<div class=\"elementor-spacer-inner\"><\/div>\n\t\t<\/div>\n\t\t\t\t<\/div>\n\t\t\t\t<\/div>\n\t\t\t\t\t<\/div>\n\t\t<\/div>\n\t\t\t\t\t\t\t<\/div>\n\t\t<\/section>\n\t\t\t\t<section class=\"elementor-section elementor-top-section elementor-element elementor-element-73c317d elementor-section-full_width elementor-hidden-mobile elementor-section-height-default elementor-section-height-default\" data-id=\"73c317d\" data-element_type=\"section\">\n\t\t\t\t\t\t<div class=\"elementor-container elementor-column-gap-default\">\n\t\t\t\t\t<div class=\"elementor-column elementor-col-50 elementor-top-column elementor-element elementor-element-29da0ca\" data-id=\"29da0ca\" data-element_type=\"column\" data-settings=\"{&quot;background_background&quot;:&quot;classic&quot;}\">\n\t\t\t<div class=\"elementor-widget-wrap elementor-element-populated\">\n\t\t\t\t\t\t\t\t<div class=\"elementor-element elementor-element-b682daf elementor-widget elementor-widget-spacer\" data-id=\"b682daf\" data-element_type=\"widget\" data-widget_type=\"spacer.default\">\n\t\t\t\t<div class=\"elementor-widget-container\">\n\t\t\t\t\t<div class=\"elementor-spacer\">\n\t\t\t<div class=\"elementor-spacer-inner\"><\/div>\n\t\t<\/div>\n\t\t\t\t<\/div>\n\t\t\t\t<\/div>\n\t\t\t\t\t<\/div>\n\t\t<\/div>\n\t\t\t\t<div class=\"elementor-column elementor-col-50 elementor-top-column elementor-element elementor-element-79cb25a\" data-id=\"79cb25a\" data-element_type=\"column\" data-settings=\"{&quot;background_background&quot;:&quot;classic&quot;}\">\n\t\t\t<div class=\"elementor-widget-wrap elementor-element-populated\">\n\t\t\t\t\t\t\t\t<div class=\"elementor-element elementor-element-e2e56b3 elementor-widget elementor-widget-heading\" data-id=\"e2e56b3\" data-element_type=\"widget\" data-widget_type=\"heading.default\">\n\t\t\t\t<div class=\"elementor-widget-container\">\n\t\t\t<h2 class=\"elementor-heading-title elementor-size-default\">Responsible working environment<\/h2>\t\t<\/div>\n\t\t\t\t<\/div>\n\t\t\t\t<div class=\"elementor-element elementor-element-a34442f elementor-widget elementor-widget-text-editor\" data-id=\"a34442f\" data-element_type=\"widget\" data-widget_type=\"text-editor.default\">\n\t\t\t\t<div class=\"elementor-widget-container\">\n\t\t\t\t\t\t\t<p>It is important that you as a customer give feedback as soon as possible on special needs for protective equipment or courses\/certifications so that our employees can arrive as prepared as possible when they meet at the workplace. When hiring labor, the hirer is to be regarded as the primary company with responsibility for coordination, according to Aml. \u00a7 2-2 and must ensure a fully responsible working environment for hired employees, according to Aml. Section 2-2 (1) b).\u00a0<\/p><p>The hirer must inform, train and control hired employees in the same way as his own employees, including information about the hirer's security service and who is the local security representative. If necessary, the landlord's consultant and security representative must access the tenant's business to survey the working environment and contact the tenant's security service. When the coordination of working time arrangements is necessary for safety reasons, this is also the tenant's responsibility.<\/p><p>We have our own safety representative who will be supportive in case of any safety-related problems at the workplace. The health and safety representative also works continuously with improvements we can make concerning HSE. In addition, we have two shop stewards from each of the two collective agreements we are part of, who represent and contribute to our employees.<\/p>\t\t\t\t\t\t<\/div>\n\t\t\t\t<\/div>\n\t\t\t\t\t<\/div>\n\t\t<\/div>\n\t\t\t\t\t\t\t<\/div>\n\t\t<\/section>\n\t\t\t\t<section class=\"elementor-section elementor-top-section elementor-element elementor-element-c5dd112 elementor-section-full_width elementor-hidden-desktop elementor-hidden-tablet elementor-section-height-default elementor-section-height-default\" data-id=\"c5dd112\" data-element_type=\"section\">\n\t\t\t\t\t\t<div class=\"elementor-container elementor-column-gap-default\">\n\t\t\t\t\t<div class=\"elementor-column elementor-col-50 elementor-top-column elementor-element elementor-element-5bdb92d\" data-id=\"5bdb92d\" data-element_type=\"column\" data-settings=\"{&quot;background_background&quot;:&quot;classic&quot;}\">\n\t\t\t<div class=\"elementor-widget-wrap elementor-element-populated\">\n\t\t\t\t\t\t\t\t<div class=\"elementor-element elementor-element-32dd31d elementor-widget elementor-widget-heading\" data-id=\"32dd31d\" data-element_type=\"widget\" data-widget_type=\"heading.default\">\n\t\t\t\t<div class=\"elementor-widget-container\">\n\t\t\t<h2 class=\"elementor-heading-title elementor-size-default\">Responsible working environment<\/h2>\t\t<\/div>\n\t\t\t\t<\/div>\n\t\t\t\t<div class=\"elementor-element elementor-element-2424e29 elementor-widget elementor-widget-text-editor\" data-id=\"2424e29\" data-element_type=\"widget\" data-widget_type=\"text-editor.default\">\n\t\t\t\t<div class=\"elementor-widget-container\">\n\t\t\t\t\t\t\t<p>It is important that you as a customer give feedback as soon as possible on special needs for protective equipment or courses\/certifications so that our employees can arrive as prepared as possible when they meet at the workplace. When hiring labor, the hirer is to be regarded as the primary company with responsibility for coordination, according to Aml. \u00a7 2-2 and must ensure a fully responsible working environment for hired employees, according to Aml. Section 2-2 (1) b).\u00a0<\/p><p>The hirer must inform, train and control hired employees in the same way as his own employees, including information about the hirer's security service and who is the local security representative. If necessary, the landlord's consultant and security representative must access the tenant's business to survey the working environment and contact the tenant's security service. When the coordination of working time arrangements is necessary for safety reasons, this is also the tenant's responsibility.<\/p><p>We have our own safety representative who will be supportive in case of any safety-related problems at the workplace. The health and safety representative also works continuously with improvements we can make concerning HSE. In addition, we have two shop stewards from each of the two collective agreements we are part of, who represent and contribute to our employees.<\/p>\t\t\t\t\t\t<\/div>\n\t\t\t\t<\/div>\n\t\t\t\t\t<\/div>\n\t\t<\/div>\n\t\t\t\t<div class=\"elementor-column elementor-col-50 elementor-top-column elementor-element elementor-element-b7db35b\" data-id=\"b7db35b\" data-element_type=\"column\" data-settings=\"{&quot;background_background&quot;:&quot;classic&quot;}\">\n\t\t\t<div class=\"elementor-widget-wrap elementor-element-populated\">\n\t\t\t\t\t\t\t\t<div class=\"elementor-element elementor-element-853ccbe elementor-widget elementor-widget-spacer\" data-id=\"853ccbe\" data-element_type=\"widget\" data-widget_type=\"spacer.default\">\n\t\t\t\t<div class=\"elementor-widget-container\">\n\t\t\t\t\t<div class=\"elementor-spacer\">\n\t\t\t<div class=\"elementor-spacer-inner\"><\/div>\n\t\t<\/div>\n\t\t\t\t<\/div>\n\t\t\t\t<\/div>\n\t\t\t\t\t<\/div>\n\t\t<\/div>\n\t\t\t\t\t\t\t<\/div>\n\t\t<\/section>\n\t\t\t\t<section class=\"elementor-section elementor-top-section elementor-element elementor-element-e2254cd elementor-section-full_width elementor-section-height-default elementor-section-height-default\" data-id=\"e2254cd\" data-element_type=\"section\">\n\t\t\t\t\t\t<div class=\"elementor-container elementor-column-gap-default\">\n\t\t\t\t\t<div class=\"elementor-column elementor-col-50 elementor-top-column elementor-element elementor-element-ba0b9d8\" data-id=\"ba0b9d8\" data-element_type=\"column\" data-settings=\"{&quot;background_background&quot;:&quot;classic&quot;}\">\n\t\t\t<div class=\"elementor-widget-wrap elementor-element-populated\">\n\t\t\t\t\t\t\t\t<div class=\"elementor-element elementor-element-021f1e6 elementor-hidden-tablet elementor-hidden-mobile elementor-widget elementor-widget-spacer\" data-id=\"021f1e6\" data-element_type=\"widget\" data-widget_type=\"spacer.default\">\n\t\t\t\t<div class=\"elementor-widget-container\">\n\t\t\t\t\t<div class=\"elementor-spacer\">\n\t\t\t<div class=\"elementor-spacer-inner\"><\/div>\n\t\t<\/div>\n\t\t\t\t<\/div>\n\t\t\t\t<\/div>\n\t\t\t\t<div class=\"elementor-element elementor-element-84df47b elementor-widget elementor-widget-heading\" data-id=\"84df47b\" data-element_type=\"widget\" data-widget_type=\"heading.default\">\n\t\t\t\t<div class=\"elementor-widget-container\">\n\t\t\t<h2 class=\"elementor-heading-title elementor-size-default\">Member of NHO<\/h2>\t\t<\/div>\n\t\t\t\t<\/div>\n\t\t\t\t<div class=\"elementor-element elementor-element-3414981 elementor-hidden-tablet elementor-hidden-mobile elementor-widget elementor-widget-spacer\" data-id=\"3414981\" data-element_type=\"widget\" data-widget_type=\"spacer.default\">\n\t\t\t\t<div class=\"elementor-widget-container\">\n\t\t\t\t\t<div class=\"elementor-spacer\">\n\t\t\t<div class=\"elementor-spacer-inner\"><\/div>\n\t\t<\/div>\n\t\t\t\t<\/div>\n\t\t\t\t<\/div>\n\t\t\t\t<div class=\"elementor-element elementor-element-9c70c25 elementor-widget elementor-widget-text-editor\" data-id=\"9c70c25\" data-element_type=\"widget\" data-widget_type=\"text-editor.default\">\n\t\t\t\t<div class=\"elementor-widget-container\">\n\t\t\t\t\t\t\t<p>As a member of Safejob, it undergoes an annual audit of employees' working and HSE conditions and is certified as Audited Employer. This means that you, as a customer, can be confident that employees hired from Safejob are looked after and paid by current rules and legislation. Safejob is a member of Norsk Industri, and we have committed ourselves to two collective agreements: LOK with EL and IT Forbundet (within electrical engineering) and VO (industry agreement) with Fellesforbundet.<\/p><p>As a member of NHO, we have also committed ourselves to following the staffing industry's ethical guidelines. The staffing industry gives private and public enterprises access to a flexible workforce, while for the employees, it is a valuable gateway to the labor market. The industry builds experience and competence, provides flexibility, and seems inclusive.<\/p>\t\t\t\t\t\t<\/div>\n\t\t\t\t<\/div>\n\t\t\t\t<div class=\"elementor-element elementor-element-e711589 elementor-hidden-tablet elementor-hidden-mobile elementor-widget elementor-widget-spacer\" data-id=\"e711589\" data-element_type=\"widget\" data-widget_type=\"spacer.default\">\n\t\t\t\t<div class=\"elementor-widget-container\">\n\t\t\t\t\t<div class=\"elementor-spacer\">\n\t\t\t<div class=\"elementor-spacer-inner\"><\/div>\n\t\t<\/div>\n\t\t\t\t<\/div>\n\t\t\t\t<\/div>\n\t\t\t\t\t<\/div>\n\t\t<\/div>\n\t\t\t\t<div class=\"elementor-column elementor-col-50 elementor-top-column elementor-element elementor-element-cd2f3d4\" data-id=\"cd2f3d4\" data-element_type=\"column\" data-settings=\"{&quot;background_background&quot;:&quot;classic&quot;}\">\n\t\t\t<div class=\"elementor-widget-wrap elementor-element-populated\">\n\t\t\t\t\t\t\t\t<div class=\"elementor-element elementor-element-21bfc69 elementor-widget elementor-widget-spacer\" data-id=\"21bfc69\" data-element_type=\"widget\" data-widget_type=\"spacer.default\">\n\t\t\t\t<div class=\"elementor-widget-container\">\n\t\t\t\t\t<div class=\"elementor-spacer\">\n\t\t\t<div class=\"elementor-spacer-inner\"><\/div>\n\t\t<\/div>\n\t\t\t\t<\/div>\n\t\t\t\t<\/div>\n\t\t\t\t\t<\/div>\n\t\t<\/div>\n\t\t\t\t\t\t\t<\/div>\n\t\t<\/section>\n\t\t\t\t<section class=\"elementor-section elementor-top-section elementor-element elementor-element-5ab014f elementor-section-full_width elementor-section-height-default elementor-section-height-default\" data-id=\"5ab014f\" data-element_type=\"section\">\n\t\t\t\t\t\t<div class=\"elementor-container elementor-column-gap-default\">\n\t\t\t\t\t<div class=\"elementor-column elementor-col-100 elementor-top-column elementor-element elementor-element-79d236b\" data-id=\"79d236b\" data-element_type=\"column\" data-settings=\"{&quot;background_background&quot;:&quot;classic&quot;}\">\n\t\t\t<div class=\"elementor-widget-wrap elementor-element-populated\">\n\t\t\t\t\t\t\t\t<div class=\"elementor-element elementor-element-bf6895e elementor-widget elementor-widget-heading\" data-id=\"bf6895e\" data-element_type=\"widget\" data-widget_type=\"heading.default\">\n\t\t\t\t<div class=\"elementor-widget-container\">\n\t\t\t<h2 class=\"elementor-heading-title elementor-size-default\">Sustainability and social responsibility <\/h2>\t\t<\/div>\n\t\t\t\t<\/div>\n\t\t\t\t<div class=\"elementor-element elementor-element-856784a elementor-widget elementor-widget-text-editor\" data-id=\"856784a\" data-element_type=\"widget\" data-widget_type=\"text-editor.default\">\n\t\t\t\t<div class=\"elementor-widget-container\">\n\t\t\t\t\t\t\t<p>Safejob Energy takes its social responsibility seriously. We are proud to be an attractive employer with room for a great diversity of people and expertise. By creating opportunities for individuals, we create value together, and this does not have to come at the expense of either the environment, inclusion or equality - quite the opposite.<\/p>\t\t\t\t\t\t<\/div>\n\t\t\t\t<\/div>\n\t\t\t\t<div class=\"elementor-element elementor-element-835cb87 elementor-widget elementor-widget-heading\" data-id=\"835cb87\" data-element_type=\"widget\" data-widget_type=\"heading.default\">\n\t\t\t\t<div class=\"elementor-widget-container\">\n\t\t\t<h3 class=\"elementor-heading-title elementor-size-medium\">UN Global Compact<\/h3>\t\t<\/div>\n\t\t\t\t<\/div>\n\t\t\t\t<div class=\"elementor-element elementor-element-b91bb52 elementor-widget elementor-widget-text-editor\" data-id=\"b91bb52\" data-element_type=\"widget\" data-widget_type=\"text-editor.default\">\n\t\t\t\t<div class=\"elementor-widget-container\">\n\t\t\t\t\t\t\t<p>Together with Edda Group, of which Safejob is a part, we are a member of the UN Global Compact. Membership entails, among other things, a clear commitment to contribute to achieving the UN's sustainability goals.<\/p><p>We have chosen to focus on and emphasize the following three of the UN's 17 sustainability goals in our business strategy:<\/p><ul><li>No. 5: Gender equality<\/li><li>No. 8: Decent work and economic growth<\/li><li>No. 13: Stop climate change<\/li><\/ul><p>Environment and sustainability are integrated with the following overall management documents\/systems:<\/p><ul><li>Employee Code of Conduct<\/li><li>Supplier Code of Conduct<\/li><li>ESG Policy<\/li><\/ul>\t\t\t\t\t\t<\/div>\n\t\t\t\t<\/div>\n\t\t\t\t\t<\/div>\n\t\t<\/div>\n\t\t\t\t\t\t\t<\/div>\n\t\t<\/section>\n\t\t\t\t\t\t\t<\/div>","protected":false},"excerpt":{"rendered":"<p>Sikkerheten betyr alt for oss Safejob Energy jobber for \u00e5 v\u00e6re en trygg og forutsigbar samarbeidspartner for b\u00e5de kunde og ansatte. Vi jobber derfor strategisk og kontinuerlig med v\u00e5re rutiner, for \u00e5 v\u00e6re ledende p\u00e5 HMS innen bemanning og innleie. Allerede ved oppstart vil v\u00e5re ansatte v\u00e6re kurset etter de krav og standarder kunden har &hellip;<\/p>\n<p class=\"read-more\"> <a class=\"\" href=\"https:\/\/safejob.no\/en\/sikkerhet\/\"> <span class=\"screen-reader-text\">sikkerhet<\/span> Read More &raquo;<\/a><\/p>","protected":false},"author":16,"featured_media":0,"parent":0,"menu_order":0,"comment_status":"closed","ping_status":"closed","template":"elementor_header_footer","meta":{"site-sidebar-layout":"no-sidebar","site-content-layout":"page-builder","ast-site-content-layout":"","site-content-style":"default","site-sidebar-style":"default","ast-global-header-display":"","ast-banner-title-visibility":"","ast-main-header-display":"","ast-hfb-above-header-display":"","ast-hfb-below-header-display":"","ast-hfb-mobile-header-display":"","site-post-title":"disabled","ast-breadcrumbs-content":"","ast-featured-img":"disabled","footer-sml-layout":"","theme-transparent-header-meta":"default","adv-header-id-meta":"","stick-header-meta":"","header-above-stick-meta":"","header-main-stick-meta":"","header-below-stick-meta":"","astra-migrate-meta-layouts":"","footnotes":""},"_links":{"self":[{"href":"https:\/\/safejob.no\/en\/wp-json\/wp\/v2\/pages\/597"}],"collection":[{"href":"https:\/\/safejob.no\/en\/wp-json\/wp\/v2\/pages"}],"about":[{"href":"https:\/\/safejob.no\/en\/wp-json\/wp\/v2\/types\/page"}],"author":[{"embeddable":true,"href":"https:\/\/safejob.no\/en\/wp-json\/wp\/v2\/users\/16"}],"replies":[{"embeddable":true,"href":"https:\/\/safejob.no\/en\/wp-json\/wp\/v2\/comments?post=597"}],"version-history":[{"count":0,"href":"https:\/\/safejob.no\/en\/wp-json\/wp\/v2\/pages\/597\/revisions"}],"wp:attachment":[{"href":"https:\/\/safejob.no\/en\/wp-json\/wp\/v2\/media?parent=597"}],"curies":[{"name":"wp","href":"https:\/\/api.w.org\/{rel}","templated":true}]}}