{"id":87,"date":"2021-04-06T15:47:21","date_gmt":"2021-04-06T13:47:21","guid":{"rendered":"https:\/\/safejobbergen.wpengine.com\/?page_id=87"},"modified":"2021-05-12T14:41:39","modified_gmt":"2021-05-12T12:41:39","slug":"bygg-og-anlegg","status":"publish","type":"page","link":"https:\/\/safejob.no\/en\/bemanning\/bygg-og-anlegg\/","title":{"rendered":"Bygg og anlegg"},"content":{"rendered":"<div data-elementor-type=\"wp-page\" data-elementor-id=\"87\" class=\"elementor elementor-87\">\n\t\t\t\t\t\t\t\t\t<section class=\"elementor-section elementor-top-section elementor-element elementor-element-2744e06 elementor-section-height-min-height elementor-section-boxed elementor-section-height-default elementor-section-items-middle\" data-id=\"2744e06\" data-element_type=\"section\" data-settings=\"{&quot;background_background&quot;:&quot;classic&quot;}\">\n\t\t\t\t\t\t\t<div class=\"elementor-background-overlay\"><\/div>\n\t\t\t\t\t\t\t<div class=\"elementor-container elementor-column-gap-default\">\n\t\t\t\t\t<div class=\"elementor-column elementor-col-100 elementor-top-column elementor-element elementor-element-3d9b1da\" data-id=\"3d9b1da\" data-element_type=\"column\">\n\t\t\t<div class=\"elementor-widget-wrap elementor-element-populated\">\n\t\t\t\t\t\t\t\t<div class=\"elementor-element elementor-element-d842fb8 elementor-invisible elementor-widget elementor-widget-heading\" data-id=\"d842fb8\" data-element_type=\"widget\" data-settings=\"{&quot;_animation&quot;:&quot;fadeInDown&quot;,&quot;_animation_delay&quot;:100}\" data-widget_type=\"heading.default\">\n\t\t\t\t<div class=\"elementor-widget-container\">\n\t\t\t<h1 class=\"elementor-heading-title elementor-size-default\">Bygg og anlegg<\/h1>\t\t<\/div>\n\t\t\t\t<\/div>\n\t\t\t\t<div class=\"elementor-element elementor-element-f736c02 elementor-icon-list--layout-inline elementor-align-center elementor-list-item-link-full_width elementor-invisible elementor-widget elementor-widget-icon-list\" data-id=\"f736c02\" data-element_type=\"widget\" data-settings=\"{&quot;_animation&quot;:&quot;fadeInUp&quot;,&quot;_animation_delay&quot;:200}\" data-widget_type=\"icon-list.default\">\n\t\t\t\t<div class=\"elementor-widget-container\">\n\t\t\t\t\t<ul class=\"elementor-icon-list-items elementor-inline-items\">\n\t\t\t\t\t\t\t<li class=\"elementor-icon-list-item elementor-inline-item\">\n\t\t\t\t\t\t\t\t\t\t<span class=\"elementor-icon-list-text\">Hjem<\/span>\n\t\t\t\t\t\t\t\t\t<\/li>\n\t\t\t\t\t\t\t\t<li class=\"elementor-icon-list-item elementor-inline-item\">\n\t\t\t\t\t\t\t\t\t\t<span class=\"elementor-icon-list-text\">\/<\/span>\n\t\t\t\t\t\t\t\t\t<\/li>\n\t\t\t\t\t\t\t\t<li class=\"elementor-icon-list-item elementor-inline-item\">\n\t\t\t\t\t\t\t\t\t\t<span class=\"elementor-icon-list-text\">Bygg og anlegg<\/span>\n\t\t\t\t\t\t\t\t\t<\/li>\n\t\t\t\t\t\t<\/ul>\n\t\t\t\t<\/div>\n\t\t\t\t<\/div>\n\t\t\t\t\t<\/div>\n\t\t<\/div>\n\t\t\t\t\t\t\t<\/div>\n\t\t<\/section>\n\t\t\t\t<section class=\"elementor-section elementor-top-section elementor-element elementor-element-5d38bfec elementor-section-boxed elementor-section-height-default elementor-section-height-default\" data-id=\"5d38bfec\" data-element_type=\"section\">\n\t\t\t\t\t\t<div class=\"elementor-container elementor-column-gap-wider\">\n\t\t\t\t\t<div class=\"elementor-column elementor-col-50 elementor-top-column elementor-element elementor-element-553727e0\" data-id=\"553727e0\" data-element_type=\"column\">\n\t\t\t<div class=\"elementor-widget-wrap elementor-element-populated\">\n\t\t\t\t\t\t\t\t<div class=\"elementor-element elementor-element-6541c336 elementor-widget elementor-widget-heading\" data-id=\"6541c336\" data-element_type=\"widget\" data-widget_type=\"heading.default\">\n\t\t\t\t<div class=\"elementor-widget-container\">\n\t\t\t<h2 class=\"elementor-heading-title elementor-size-default\">Bygg og anlegg<\/h2>\t\t<\/div>\n\t\t\t\t<\/div>\n\t\t\t\t<div class=\"elementor-element elementor-element-783db104 elementor-widget elementor-widget-text-editor\" data-id=\"783db104\" data-element_type=\"widget\" data-widget_type=\"text-editor.default\">\n\t\t\t\t<div class=\"elementor-widget-container\">\n\t\t\t\t\t\t\tSafejob leverer alt av fagpersonell som h\u00e5ndverkere og administrativt personell innen bygg og anlegg. Vi leverer blant annet t\u00f8mrere, elektrikere, stillasmont\u00f8rer, VVS, maskinf\u00f8rere, anleggsgartnere mm.\t\t\t\t\t\t<\/div>\n\t\t\t\t<\/div>\n\t\t\t\t<div class=\"elementor-element elementor-element-23539fca elementor-widget elementor-widget-heading\" data-id=\"23539fca\" data-element_type=\"widget\" data-widget_type=\"heading.default\">\n\t\t\t\t<div class=\"elementor-widget-container\">\n\t\t\t<h2 class=\"elementor-heading-title elementor-size-default\">Bemanning over hele Norge<\/h2>\t\t<\/div>\n\t\t\t\t<\/div>\n\t\t\t\t<div class=\"elementor-element elementor-element-4f4d2000 elementor-widget elementor-widget-text-editor\" data-id=\"4f4d2000\" data-element_type=\"widget\" data-widget_type=\"text-editor.default\">\n\t\t\t\t<div class=\"elementor-widget-container\">\n\t\t\t\t\t\t\t<p>Safejob jobber for \u00e5 v\u00e6re en fleksibel og l\u00f8sningsorientert samarbeidspartner ved behov for bemanning. Vi har hovedomr\u00e5de i Bergen og omegn, men leverer bemanning over hele Norge.Vi vet at markedet innen bygg og anlegg kan forandre seg fort, og at behovet for ekstra bemanning kan komme fort. Derfor er vi klar til \u00e5 hjelpe b\u00e5de p\u00e5 kort varsel, og p\u00e5 prosjektene som ligger frem i tid.<br \/><br \/>Safejob har siden oppstart vist seg som er seri\u00f8s akt\u00f8r i markedet, som leverer dyktig og produktivt fagpersonell til byggebransjen i Bergen. Dette har gjort Safejob til en av de markedsledende leverand\u00f8rene p\u00e5 bemanning til elektro i Bergen. Safejob leverer ogs\u00e5 bemanning til en rekke andre fag som VVS, t\u00f8mrer, stillas, skogsarbeider, maler mm.<\/p>\t\t\t\t\t\t<\/div>\n\t\t\t\t<\/div>\n\t\t\t\t\t<\/div>\n\t\t<\/div>\n\t\t\t\t<div class=\"elementor-column elementor-col-50 elementor-top-column elementor-element elementor-element-66c42e9\" data-id=\"66c42e9\" data-element_type=\"column\">\n\t\t\t<div class=\"elementor-widget-wrap elementor-element-populated\">\n\t\t\t\t\t\t\t\t<div class=\"elementor-element elementor-element-6dec870 elementor-widget elementor-widget-heading\" data-id=\"6dec870\" data-element_type=\"widget\" data-widget_type=\"heading.default\">\n\t\t\t\t<div class=\"elementor-widget-container\">\n\t\t\t<h2 class=\"elementor-heading-title elementor-size-default\">Arbeidskraft n\u00e5r dere trenger det<\/h2>\t\t<\/div>\n\t\t\t\t<\/div>\n\t\t\t\t<div class=\"elementor-element elementor-element-16ea46d elementor-widget elementor-widget-text-editor\" data-id=\"16ea46d\" data-element_type=\"widget\" data-widget_type=\"text-editor.default\">\n\t\t\t\t<div class=\"elementor-widget-container\">\n\t\t\t\t\t\t\t<p>Safejob har faglig kompetanse til \u00e5 plukke ut de riktige kandidatene for \u00e5 dekke deres behov, og har en stor stab med dyktige og engasjerte medarbeidere. Safejob har fokus p\u00e5 at v\u00e5re ansatte skal ha gode arbeidsvilk\u00e5r og trives hos oss. Vi tenker at trivsel blant de ansatte gj\u00f8r at vi kan levere engasjerte og dyktige medarbeidere. Derfor kan Safejob gi dere <b><i>arbeidskraft n\u00e5r dere trenger det.<\/i><\/b><\/p>\t\t\t\t\t\t<\/div>\n\t\t\t\t<\/div>\n\t\t\t\t<div class=\"elementor-element elementor-element-1096d11 elementor-widget elementor-widget-text-editor\" data-id=\"1096d11\" data-element_type=\"widget\" data-widget_type=\"text-editor.default\">\n\t\t\t\t<div class=\"elementor-widget-container\">\n\t\t\t\t\t\t\t<p>Som medlem av NHO service gjennomg\u00e5r Safejob \u00e5rlig revisjon av ansattes arbeids og HMS forhold, og er sertifisert som Revidert Arbeidsgiver. Dette gj\u00f8r at du som kunde kan v\u00e6re trygg p\u00e5 at innleide fra Safejob blir ivaretatt og l\u00f8nnet etter gjeldende regler og lovverk. Safejob har tariffavtale med El og It forbundet.<\/p>\t\t\t\t\t\t<\/div>\n\t\t\t\t<\/div>\n\t\t\t\t<div class=\"elementor-element elementor-element-465de87 elementor-widget elementor-widget-heading\" data-id=\"465de87\" data-element_type=\"widget\" data-widget_type=\"heading.default\">\n\t\t\t\t<div class=\"elementor-widget-container\">\n\t\t\t<h2 class=\"elementor-heading-title elementor-size-default\">P\u00e5 jakt etter arbeidskraft eller s\u00f8ker jobb? - Vi har inng\u00e5ende erfaring fra bransjen.<\/h2>\t\t<\/div>\n\t\t\t\t<\/div>\n\t\t\t\t<section class=\"elementor-section elementor-inner-section elementor-element elementor-element-6ae6d05 elementor-section-boxed elementor-section-height-default elementor-section-height-default\" data-id=\"6ae6d05\" data-element_type=\"section\">\n\t\t\t\t\t\t<div class=\"elementor-container elementor-column-gap-default\">\n\t\t\t\t\t<div class=\"elementor-column elementor-col-50 elementor-inner-column elementor-element elementor-element-951843e\" data-id=\"951843e\" data-element_type=\"column\">\n\t\t\t<div class=\"elementor-widget-wrap elementor-element-populated\">\n\t\t\t\t\t\t\t\t<div class=\"elementor-element elementor-element-18329d8 elementor-align-left elementor-mobile-align-justify elementor-tablet-align-justify elementor-invisible elementor-widget elementor-widget-button\" data-id=\"18329d8\" data-element_type=\"widget\" data-settings=\"{&quot;_animation&quot;:&quot;fadeInUp&quot;,&quot;_animation_delay&quot;:150}\" data-widget_type=\"button.default\">\n\t\t\t\t<div class=\"elementor-widget-container\">\n\t\t\t\t\t<div class=\"elementor-button-wrapper\">\n\t\t\t<a class=\"elementor-button elementor-button-link elementor-size-md elementor-animation-hang\" href=\"https:\/\/www.recman.no\/hrm\/safejob\/register.php\" target=\"_blank\" rel=\"nofollow\">\n\t\t\t\t\t\t<span class=\"elementor-button-content-wrapper\">\n\t\t\t\t\t\t<span class=\"elementor-button-icon elementor-align-icon-right\">\n\t\t\t\t<i aria-hidden=\"true\" class=\"icon icon-right-arrow\"><\/i>\t\t\t<\/span>\n\t\t\t\t\t\t<span class=\"elementor-button-text\">Send oss din CV<\/span>\n\t\t<\/span>\n\t\t\t\t\t<\/a>\n\t\t<\/div>\n\t\t\t\t<\/div>\n\t\t\t\t<\/div>\n\t\t\t\t\t<\/div>\n\t\t<\/div>\n\t\t\t\t<div class=\"elementor-column elementor-col-50 elementor-inner-column elementor-element elementor-element-d8c6588\" data-id=\"d8c6588\" data-element_type=\"column\">\n\t\t\t<div class=\"elementor-widget-wrap elementor-element-populated\">\n\t\t\t\t\t\t\t\t<div class=\"elementor-element elementor-element-6d02764 elementor-align-left elementor-mobile-align-justify elementor-tablet-align-justify elementor-invisible elementor-widget elementor-widget-button\" data-id=\"6d02764\" data-element_type=\"widget\" data-settings=\"{&quot;_animation&quot;:&quot;fadeInUp&quot;,&quot;_animation_delay&quot;:150}\" data-widget_type=\"button.default\">\n\t\t\t\t<div class=\"elementor-widget-container\">\n\t\t\t\t\t<div class=\"elementor-button-wrapper\">\n\t\t\t<a class=\"elementor-button elementor-button-link elementor-size-md elementor-animation-hang\" href=\"https:\/\/safejob.no\/en\/kontakt\/\">\n\t\t\t\t\t\t<span class=\"elementor-button-content-wrapper\">\n\t\t\t\t\t\t<span class=\"elementor-button-icon elementor-align-icon-right\">\n\t\t\t\t<i aria-hidden=\"true\" class=\"icon icon-right-arrow\"><\/i>\t\t\t<\/span>\n\t\t\t\t\t\t<span class=\"elementor-button-text\">Contact us<\/span>\n\t\t<\/span>\n\t\t\t\t\t<\/a>\n\t\t<\/div>\n\t\t\t\t<\/div>\n\t\t\t\t<\/div>\n\t\t\t\t\t<\/div>\n\t\t<\/div>\n\t\t\t\t\t\t\t<\/div>\n\t\t<\/section>\n\t\t\t\t\t<\/div>\n\t\t<\/div>\n\t\t\t\t\t\t\t<\/div>\n\t\t<\/section>\n\t\t\t\t<section class=\"elementor-section elementor-top-section elementor-element elementor-element-7d74a1c1 elementor-section-full_width elementor-section-height-default elementor-section-height-default\" data-id=\"7d74a1c1\" data-element_type=\"section\">\n\t\t\t\t\t\t<div class=\"elementor-container elementor-column-gap-no\">\n\t\t\t\t\t<div class=\"elementor-column elementor-col-50 elementor-top-column elementor-element elementor-element-377e62f5\" data-id=\"377e62f5\" data-element_type=\"column\">\n\t\t\t<div class=\"elementor-widget-wrap elementor-element-populated\">\n\t\t\t\t\t\t\t\t<div class=\"elementor-element elementor-element-78f529e4 elementor-widget elementor-widget-image\" data-id=\"78f529e4\" data-element_type=\"widget\" data-widget_type=\"image.default\">\n\t\t\t\t<div class=\"elementor-widget-container\">\n\t\t\t\t\t\t\t\t\t\t\t\t\t\t\t<img decoding=\"async\" loading=\"lazy\" width=\"1024\" height=\"683\" src=\"\/wp-content\/uploads\/2019\/02\/Kopi-av-Kopi-av-Safejob_09-1024x683.jpg\" class=\"attachment-large size-large wp-image-129\" alt=\"\" srcset=\"\/wp-content\/uploads\/2019\/02\/Kopi-av-Kopi-av-Safejob_09-1024x683.jpg 1024w, \/wp-content\/uploads\/2019\/02\/Kopi-av-Kopi-av-Safejob_09-300x200.jpg 300w, \/wp-content\/uploads\/2019\/02\/Kopi-av-Kopi-av-Safejob_09-768x512.jpg 768w, \/wp-content\/uploads\/2019\/02\/Kopi-av-Kopi-av-Safejob_09-1536x1024.jpg 1536w, \/wp-content\/uploads\/2019\/02\/Kopi-av-Kopi-av-Safejob_09-2048x1365.jpg 2048w\" sizes=\"(max-width: 1024px) 100vw, 1024px\" \/>\t\t\t\t\t\t\t\t\t\t\t\t\t\t\t<\/div>\n\t\t\t\t<\/div>\n\t\t\t\t\t<\/div>\n\t\t<\/div>\n\t\t\t\t<div class=\"elementor-column elementor-col-50 elementor-top-column elementor-element elementor-element-53a86020\" data-id=\"53a86020\" data-element_type=\"column\">\n\t\t\t<div class=\"elementor-widget-wrap elementor-element-populated\">\n\t\t\t\t\t\t\t\t<div class=\"elementor-element elementor-element-4e9e6e73 elementor-widget elementor-widget-image\" data-id=\"4e9e6e73\" data-element_type=\"widget\" data-widget_type=\"image.default\">\n\t\t\t\t<div class=\"elementor-widget-container\">\n\t\t\t\t\t\t\t\t\t\t\t\t\t\t\t<img decoding=\"async\" src=\"https:\/\/safejob.no\/wp-content\/uploads\/2019\/02\/27-scaled.jpg\" title=\"\" alt=\"\" loading=\"lazy\" \/>\t\t\t\t\t\t\t\t\t\t\t\t\t\t\t<\/div>\n\t\t\t\t<\/div>\n\t\t\t\t\t<\/div>\n\t\t<\/div>\n\t\t\t\t\t\t\t<\/div>\n\t\t<\/section>\n\t\t\t\t\t\t\t<\/div>","protected":false},"excerpt":{"rendered":"<p>Hjem \/ Bygg og anlegg Bygg og anlegg Safejob leverer alt av fagpersonell som h\u00e5ndverkere og administrativt personell innen bygg og anlegg. Vi leverer blant annet t\u00f8mrere, elektrikere, stillasmont\u00f8rer, VVS, maskinf\u00f8rere, anleggsgartnere mm. Bemanning over hele Norge Safejob jobber for \u00e5 v\u00e6re en fleksibel og l\u00f8sningsorientert samarbeidspartner ved behov for bemanning. Vi har hovedomr\u00e5de i &hellip;<\/p>\n<p class=\"read-more\"> <a class=\"\" href=\"https:\/\/safejob.no\/en\/bemanning\/bygg-og-anlegg\/\"> <span class=\"screen-reader-text\">Bygg og anlegg<\/span> Read More &raquo;<\/a><\/p>","protected":false},"author":11,"featured_media":0,"parent":83,"menu_order":0,"comment_status":"closed","ping_status":"closed","template":"elementor_header_footer","meta":{"site-sidebar-layout":"no-sidebar","site-content-layout":"page-builder","ast-site-content-layout":"","site-content-style":"default","site-sidebar-style":"default","ast-global-header-display":"","ast-banner-title-visibility":"","ast-main-header-display":"","ast-hfb-above-header-display":"","ast-hfb-below-header-display":"","ast-hfb-mobile-header-display":"","site-post-title":"disabled","ast-breadcrumbs-content":"","ast-featured-img":"disabled","footer-sml-layout":"","theme-transparent-header-meta":"default","adv-header-id-meta":"","stick-header-meta":"","header-above-stick-meta":"","header-main-stick-meta":"","header-below-stick-meta":"","astra-migrate-meta-layouts":"","footnotes":""},"_links":{"self":[{"href":"https:\/\/safejob.no\/en\/wp-json\/wp\/v2\/pages\/87"}],"collection":[{"href":"https:\/\/safejob.no\/en\/wp-json\/wp\/v2\/pages"}],"about":[{"href":"https:\/\/safejob.no\/en\/wp-json\/wp\/v2\/types\/page"}],"author":[{"embeddable":true,"href":"https:\/\/safejob.no\/en\/wp-json\/wp\/v2\/users\/11"}],"replies":[{"embeddable":true,"href":"https:\/\/safejob.no\/en\/wp-json\/wp\/v2\/comments?post=87"}],"version-history":[{"count":0,"href":"https:\/\/safejob.no\/en\/wp-json\/wp\/v2\/pages\/87\/revisions"}],"up":[{"embeddable":true,"href":"https:\/\/safejob.no\/en\/wp-json\/wp\/v2\/pages\/83"}],"wp:attachment":[{"href":"https:\/\/safejob.no\/en\/wp-json\/wp\/v2\/media?parent=87"}],"curies":[{"name":"wp","href":"https:\/\/api.w.org\/{rel}","templated":true}]}}